{"id":2,"date":"2015-01-08T08:20:50","date_gmt":"2015-01-08T08:20:50","guid":{"rendered":"http:\/\/3814dc625bc5cc1461be9779d87e2a20a033c1ae.web25.temporaryurl.org\/?page_id=2"},"modified":"2021-01-25T15:08:54","modified_gmt":"2021-01-25T15:08:54","slug":"eksempel-side","status":"publish","type":"page","link":"https:\/\/ehlersadvokatfirma.dk\/","title":{"rendered":"Velkommen til Ehlers Advokatfirma"},"content":{"rendered":"<p><span style=\"font-weight: 400;\">Vores advokatvirksomhed er specialiseret i fonds- og andelsret. Vores prim\u00e6re virke har relation til ledelse, herunder organisationsudvikling, ledelsesr\u00e5dgivning, strategiudvikling og implementering.<\/span><\/p>\n<p><span style=\"font-weight: 400;\">Vores erfaring med ledelsesr\u00e5dgivning og bestyrelsesarbejde sp\u00e6nder bredt over virksomheder, fonde, selvejende institutioner, fagforeninger, foreninger og andelsselskaber. <\/span><\/p>\n<p><span style=\"font-weight: 400;\">Vores bistand r\u00e6kker ud over den sn\u00e6vre jura og vi har indsigt i b\u00e5de samfundsforhold og erhvervs\u00f8konomi.<\/span><\/p>\n<p><b>Vores ledelsesfilosofi<\/b><span style=\"font-weight: 400;\"><br \/>\n<\/span><span style=\"font-weight: 400;\">For os handler ledelse om, at omskabe udfordringer til synergi, at bev\u00e6ge f\u00e6llesskaber via strategi, at hj\u00e6lpe mennesker til at blomstre med deres individuelle styrker og at skabe varig v\u00e6rdi gennem udvikling og opbygning. <\/span><\/p>\n","protected":false},"excerpt":{"rendered":"<p>Vores advokatvirksomhed er specialiseret i fonds- og andelsret. Vores prim\u00e6re virke har relation til ledelse, herunder organisationsudvikling, ledelsesr\u00e5dgivning, strategiudvikling og implementering. Vores erfaring med ledelsesr\u00e5dgivning og bestyrelsesarbejde sp\u00e6nder bredt over virksomheder, fonde, selvejende institutioner, fagforeninger, foreninger og andelsselskaber. Vores bistand r\u00e6kker ud over den sn\u00e6vre jura og vi har indsigt i b\u00e5de samfundsforhold og erhvervs\u00f8konomi. [&hellip;]<\/p>\n","protected":false},"author":1,"featured_media":0,"parent":0,"menu_order":0,"comment_status":"closed","ping_status":"closed","template":"","meta":[],"_links":{"self":[{"href":"https:\/\/ehlersadvokatfirma.dk\/index.php?rest_route=\/wp\/v2\/pages\/2"}],"collection":[{"href":"https:\/\/ehlersadvokatfirma.dk\/index.php?rest_route=\/wp\/v2\/pages"}],"about":[{"href":"https:\/\/ehlersadvokatfirma.dk\/index.php?rest_route=\/wp\/v2\/types\/page"}],"author":[{"embeddable":true,"href":"https:\/\/ehlersadvokatfirma.dk\/index.php?rest_route=\/wp\/v2\/users\/1"}],"replies":[{"embeddable":true,"href":"https:\/\/ehlersadvokatfirma.dk\/index.php?rest_route=%2Fwp%2Fv2%2Fcomments&post=2"}],"version-history":[{"count":52,"href":"https:\/\/ehlersadvokatfirma.dk\/index.php?rest_route=\/wp\/v2\/pages\/2\/revisions"}],"predecessor-version":[{"id":226,"href":"https:\/\/ehlersadvokatfirma.dk\/index.php?rest_route=\/wp\/v2\/pages\/2\/revisions\/226"}],"wp:attachment":[{"href":"https:\/\/ehlersadvokatfirma.dk\/index.php?rest_route=%2Fwp%2Fv2%2Fmedia&parent=2"}],"curies":[{"name":"wp","href":"https:\/\/api.w.org\/{rel}","templated":true}]}}